{"id":8,"date":"2024-10-23T12:38:17","date_gmt":"2024-10-23T11:38:17","guid":{"rendered":"https:\/\/gravryds.se\/?page_id=8"},"modified":"2025-09-01T06:56:51","modified_gmt":"2025-09-01T05:56:51","slug":"startsida","status":"publish","type":"page","link":"https:\/\/gravryds.se\/","title":{"rendered":"Startsida"},"content":{"rendered":"\n\n  <div class=\"banner has-hover\" id=\"banner-2028068818\">\n          <div class=\"banner-inner fill\">\n        <div class=\"banner-bg fill\" >\n\t\t\t<img loading=\"lazy\" decoding=\"async\" width=\"2560\" height=\"1707\" src=\"https:\/\/gravryds.se\/wp-content\/uploads\/2025\/09\/AdobeStock_534346010-scaled.jpeg\" class=\"bg\" alt=\"\" srcset=\"https:\/\/gravryds.se\/wp-content\/uploads\/2025\/09\/AdobeStock_534346010-scaled.jpeg 2560w, https:\/\/gravryds.se\/wp-content\/uploads\/2025\/09\/AdobeStock_534346010-300x200.jpeg 300w, https:\/\/gravryds.se\/wp-content\/uploads\/2025\/09\/AdobeStock_534346010-1024x683.jpeg 1024w, https:\/\/gravryds.se\/wp-content\/uploads\/2025\/09\/AdobeStock_534346010-768x512.jpeg 768w, https:\/\/gravryds.se\/wp-content\/uploads\/2025\/09\/AdobeStock_534346010-1536x1024.jpeg 1536w, https:\/\/gravryds.se\/wp-content\/uploads\/2025\/09\/AdobeStock_534346010-2048x1365.jpeg 2048w\" sizes=\"auto, (max-width: 2560px) 100vw, 2560px\" \/>                                    \n                    <\/div>\n\t\t\n        <div class=\"banner-layers container\">\n            <div class=\"fill banner-link\"><\/div>            \n\n   <div id=\"text-box-1956389929\" class=\"text-box banner-layer x50 md-x50 lg-x50 y50 md-y50 lg-y50 res-text\">\n                                <div class=\"text-box-content text dark\">\n              \n              <div class=\"text-inner text-center\">\n                  \n\n\n              <\/div>\n           <\/div>\n                            \n<style>\n#text-box-1956389929 {\n  width: 60%;\n}\n#text-box-1956389929 .text-box-content {\n  font-size: 100%;\n}\n<\/style>\n    <\/div>\n \n\n        <\/div>\n      <\/div>\n\n            \n<style>\n#banner-2028068818 {\n  padding-top: 600px;\n}\n#banner-2028068818 .bg {\n  object-position: 0% 35%;\n}\n<\/style>\n  <\/div>\n\n\n<div class=\"row align-center\"  id=\"row-1905740240\">\n\n\n\t<div id=\"col-909592140\" class=\"col medium-11 small-12 large-11\"  >\n\t\t\t\t<div class=\"col-inner\"  >\n\t\t\t\n\t\t\t\n\n\t<div id=\"gap-1708579549\" class=\"gap-element clearfix\" style=\"display:block; height:auto;\">\n\t\t\n<style>\n#gap-1708579549 {\n  padding-top: 30px;\n}\n<\/style>\n\t<\/div>\n\t\n\n<h1 data-start=\"75\" data-end=\"152\">Gravryds Last &amp; Loss \u2013 Din lokala partner inom tr\u00e4dg\u00e5rd och entreprenad<\/h1>\n<p>\u00a0<\/p>\n<p data-start=\"154\" data-end=\"341\"><span style=\"font-size: 120%;\">Vi hj\u00e4lper dig att h\u00e5lla ute- och gr\u00f6nytor i toppskick \u00e5ret runt. Med l\u00e5ng erfarenhet och r\u00e4tt maskiner tar vi oss an b\u00e5de sm\u00e5 och stora uppdrag \u2013 alltid med noggrannhet och engagemang.<\/span><\/p>\n<p data-start=\"343\" data-end=\"393\"><span style=\"font-size: 120%;\"><strong data-start=\"343\" data-end=\"391\">V\u00e5ra tj\u00e4nster inom tr\u00e4dg\u00e5rd och entreprenad:<\/strong><\/span><\/p>\n<ul data-start=\"394\" data-end=\"612\">\n<li data-start=\"394\" data-end=\"434\">\n<p data-start=\"396\" data-end=\"434\"><span style=\"font-size: 120%;\">Klippning och trimning av gr\u00e4smattor<\/span><\/p>\n<\/li>\n<li data-start=\"435\" data-end=\"475\">\n<p data-start=\"437\" data-end=\"475\"><span style=\"font-size: 120%;\">Sl\u00e4ntklippning och v\u00e4gkantsklippning<\/span><\/p>\n<\/li>\n<li data-start=\"476\" data-end=\"516\">\n<p data-start=\"478\" data-end=\"516\"><span style=\"font-size: 120%;\">Plantering och uppgr\u00e4vning av h\u00e4ckar<\/span><\/p>\n<\/li>\n<li data-start=\"517\" data-end=\"556\">\n<p data-start=\"519\" data-end=\"556\"><span style=\"font-size: 120%;\">Tr\u00e4df\u00e4llning och borttagning av sly<\/span><\/p>\n<\/li>\n<li data-start=\"557\" data-end=\"612\">\n<p data-start=\"559\" data-end=\"612\"><span style=\"font-size: 120%;\">Mindre gr\u00e4vjobb med v\u00e5r smidiga 2,8-tons gr\u00e4vmaskin<\/span><\/p>\n<\/li>\n<\/ul>\n<p data-start=\"614\" data-end=\"642\"><span style=\"font-size: 120%;\"><strong data-start=\"614\" data-end=\"640\">Vintertid erbjuder vi:<\/strong><\/span><\/p>\n<ul data-start=\"643\" data-end=\"699\">\n<li data-start=\"643\" data-end=\"671\">\n<p data-start=\"645\" data-end=\"671\"><span style=\"font-size: 120%;\">Sn\u00f6skottning med traktor<\/span><\/p>\n<\/li>\n<li data-start=\"672\" data-end=\"699\">\n<p data-start=\"674\" data-end=\"699\"><span style=\"font-size: 120%;\">Sandning f\u00f6r s\u00e4kra ytor<\/span><\/p>\n<\/li>\n<\/ul>\n<p data-start=\"701\" data-end=\"849\"><span style=\"font-size: 120%;\">Oavsett om du \u00e4r privatperson, f\u00f6retag eller samf\u00e4llighet kan du lita p\u00e5 att vi levererar ett professionellt resultat \u2013 anpassat efter dina behov.<\/span><\/p>\n<p data-start=\"851\" data-end=\"906\"><span style=\"font-size: 120%;\">\ud83d\udc49 Kontakta oss redan idag f\u00f6r en kostnadsfri offert!<\/span><\/p>\n\n\t\t<\/div>\n\t\t\t\t\t<\/div>\n\n\t\n\n<\/div>\n<div class=\"row align-center\"  id=\"row-984510819\">\n\n\n\t<div id=\"col-56461047\" class=\"col medium-6 small-12 large-6\"  >\n\t\t\t\t<div class=\"col-inner\"  >\n\t\t\t\n\t\t\t\n\n\t<div id=\"text-3651118830\" class=\"text\">\n\t\t\n\n<p>Telefon: <a href=\"tel:0708602866\">0708-60 28 66<\/a><br \/>Mail: <a href=\"mailto:jonas@gravryds.se\">jonas@gravryds.se<\/a><\/p>\n\t\t\n<style>\n#text-3651118830 {\n  font-size: 1.35rem;\n}\n<\/style>\n\t<\/div>\n\t\n\n\t\t<\/div>\n\t\t\t\t\t<\/div>\n\n\t\n\n<\/div>\n\n","protected":false},"excerpt":{"rendered":"","protected":false},"author":1,"featured_media":0,"parent":0,"menu_order":0,"comment_status":"closed","ping_status":"closed","template":"page-transparent-header.php","meta":{"footnotes":""},"class_list":["post-8","page","type-page","status-publish","hentry"],"_links":{"self":[{"href":"https:\/\/gravryds.se\/index.php?rest_route=\/wp\/v2\/pages\/8","targetHints":{"allow":["GET"]}}],"collection":[{"href":"https:\/\/gravryds.se\/index.php?rest_route=\/wp\/v2\/pages"}],"about":[{"href":"https:\/\/gravryds.se\/index.php?rest_route=\/wp\/v2\/types\/page"}],"author":[{"embeddable":true,"href":"https:\/\/gravryds.se\/index.php?rest_route=\/wp\/v2\/users\/1"}],"replies":[{"embeddable":true,"href":"https:\/\/gravryds.se\/index.php?rest_route=%2Fwp%2Fv2%2Fcomments&post=8"}],"version-history":[{"count":5,"href":"https:\/\/gravryds.se\/index.php?rest_route=\/wp\/v2\/pages\/8\/revisions"}],"predecessor-version":[{"id":31,"href":"https:\/\/gravryds.se\/index.php?rest_route=\/wp\/v2\/pages\/8\/revisions\/31"}],"wp:attachment":[{"href":"https:\/\/gravryds.se\/index.php?rest_route=%2Fwp%2Fv2%2Fmedia&parent=8"}],"curies":[{"name":"wp","href":"https:\/\/api.w.org\/{rel}","templated":true}]}}